{"id":2577,"date":"2026-02-09T20:54:21","date_gmt":"2026-02-09T20:54:21","guid":{"rendered":"https:\/\/raizforteenergia.com.br\/?post_type=product&#038;p=2577"},"modified":"2026-02-09T21:15:03","modified_gmt":"2026-02-09T21:15:03","slug":"trio-acucar-vo-dirce-2kg","status":"publish","type":"product","link":"https:\/\/raizforteenergia.com.br\/en\/product\/trio-acucar-vo-dirce-2kg\/","title":{"rendered":"Trio A\u00e7\u00facar V\u00f3 Dirce 2kg"},"content":{"rendered":"","protected":false},"excerpt":{"rendered":"<p class=\"p1\">O a\u00e7ucar V\u00f3 Dirce chega para ado\u00e7ar a vida da nossa casa no dia a dia. Relembrando sabores da nossa inf\u00e2ncia e criando la\u00e7os com as gera\u00e7\u00f5es futuras nas mais saborosas receitas.<\/p>\n<h4 class=\"p1\"><strong>Classe <\/strong>Cristal Branco<\/h4>\n<h4 class=\"p1\"><strong>Tipo <\/strong>Cristal<\/h4>\n<h4 class=\"p1\"><strong>Quantidade:<\/strong> 3x 2kg<\/h4>","protected":false},"featured_media":2578,"template":"","meta":{"_acf_changed":false,"iawp_total_views":6},"product_brand":[],"product_cat":[49],"product_tag":[],"class_list":{"0":"post-2577","1":"product","2":"type-product","3":"status-publish","4":"has-post-thumbnail","6":"product_cat-lojinha","8":"first","9":"instock","10":"shipping-taxable","11":"purchasable","12":"product-type-simple"},"acf":[],"_links":{"self":[{"href":"https:\/\/raizforteenergia.com.br\/en\/wp-json\/wp\/v2\/product\/2577","targetHints":{"allow":["GET"]}}],"collection":[{"href":"https:\/\/raizforteenergia.com.br\/en\/wp-json\/wp\/v2\/product"}],"about":[{"href":"https:\/\/raizforteenergia.com.br\/en\/wp-json\/wp\/v2\/types\/product"}],"wp:featuredmedia":[{"embeddable":true,"href":"https:\/\/raizforteenergia.com.br\/en\/wp-json\/wp\/v2\/media\/2578"}],"wp:attachment":[{"href":"https:\/\/raizforteenergia.com.br\/en\/wp-json\/wp\/v2\/media?parent=2577"}],"wp:term":[{"taxonomy":"product_brand","embeddable":true,"href":"https:\/\/raizforteenergia.com.br\/en\/wp-json\/wp\/v2\/product_brand?post=2577"},{"taxonomy":"product_cat","embeddable":true,"href":"https:\/\/raizforteenergia.com.br\/en\/wp-json\/wp\/v2\/product_cat?post=2577"},{"taxonomy":"product_tag","embeddable":true,"href":"https:\/\/raizforteenergia.com.br\/en\/wp-json\/wp\/v2\/product_tag?post=2577"}],"curies":[{"name":"wp","href":"https:\/\/api.w.org\/{rel}","templated":true}]}}