{"id":2573,"date":"2026-02-09T20:40:46","date_gmt":"2026-02-09T20:40:46","guid":{"rendered":"https:\/\/raizforteenergia.com.br\/?post_type=product&#038;p=2573"},"modified":"2026-02-09T21:24:32","modified_gmt":"2026-02-09T21:24:32","slug":"trio-cafe-inglez-em-po-500g","status":"publish","type":"product","link":"https:\/\/raizforteenergia.com.br\/en\/product\/trio-cafe-inglez-em-po-500g\/","title":{"rendered":"Trio Caf\u00e9 Inglez em P\u00f3 500g"},"content":{"rendered":"","protected":false},"excerpt":{"rendered":"<p class=\"p1\">O Caf\u00e9 Inglez \u00e9 o caf\u00e9 em alto n\u00edvel, possui pontua\u00e7\u00e3o que ultrapassa os 84 pontos que atesta sua alta qualidade. \u00c9 cultivado na famosa regi\u00e3o de Gar\u00e7a, esta que \u00e9 reconhecida como um dos maiores polos produtores de caf\u00e9 do estado de S\u00e3o Paulo pelo Instituto Nacional da Propriedade Industrial (INPI) com a Indica\u00e7\u00e3o de Proced\u00eancia (IP) para o caf\u00e9 da esp\u00e9cie ar\u00e1bica.<\/p>\n<h4 class=\"p1\"><strong>Classe <\/strong>Especial<\/h4>\n<h4>Classifica\u00e7\u00e3o 100% Ar\u00e1bica, de torra m\u00e9dia e borra clara, \u00e9 encorpado e adocicado, acidez m\u00e9dia, finaliza\u00e7\u00e3o complexa e retrogosto persistente.<\/h4>\n<h4><strong>Notas de <\/strong>chocolate amargo, avel\u00e3, am\u00eandoas e castanhas torradas.<\/h4>\n<h4 class=\"p1\"><strong>Quantidade: 3<\/strong>x P\u00f3 500g<\/h4>","protected":false},"featured_media":2574,"template":"","meta":{"_acf_changed":false,"iawp_total_views":1},"product_brand":[],"product_cat":[49],"product_tag":[],"class_list":{"0":"post-2573","1":"product","2":"type-product","3":"status-publish","4":"has-post-thumbnail","6":"product_cat-lojinha","8":"first","9":"instock","10":"shipping-taxable","11":"purchasable","12":"product-type-simple"},"acf":[],"_links":{"self":[{"href":"https:\/\/raizforteenergia.com.br\/en\/wp-json\/wp\/v2\/product\/2573","targetHints":{"allow":["GET"]}}],"collection":[{"href":"https:\/\/raizforteenergia.com.br\/en\/wp-json\/wp\/v2\/product"}],"about":[{"href":"https:\/\/raizforteenergia.com.br\/en\/wp-json\/wp\/v2\/types\/product"}],"wp:featuredmedia":[{"embeddable":true,"href":"https:\/\/raizforteenergia.com.br\/en\/wp-json\/wp\/v2\/media\/2574"}],"wp:attachment":[{"href":"https:\/\/raizforteenergia.com.br\/en\/wp-json\/wp\/v2\/media?parent=2573"}],"wp:term":[{"taxonomy":"product_brand","embeddable":true,"href":"https:\/\/raizforteenergia.com.br\/en\/wp-json\/wp\/v2\/product_brand?post=2573"},{"taxonomy":"product_cat","embeddable":true,"href":"https:\/\/raizforteenergia.com.br\/en\/wp-json\/wp\/v2\/product_cat?post=2573"},{"taxonomy":"product_tag","embeddable":true,"href":"https:\/\/raizforteenergia.com.br\/en\/wp-json\/wp\/v2\/product_tag?post=2573"}],"curies":[{"name":"wp","href":"https:\/\/api.w.org\/{rel}","templated":true}]}}