{"id":2566,"date":"2026-02-09T20:18:32","date_gmt":"2026-02-09T20:18:32","guid":{"rendered":"https:\/\/raizforteenergia.com.br\/?post_type=product&#038;p=2566"},"modified":"2026-02-09T21:11:34","modified_gmt":"2026-02-09T21:11:34","slug":"arroz-tia-neusa-5kg","status":"publish","type":"product","link":"https:\/\/raizforteenergia.com.br\/en\/product\/arroz-tia-neusa-5kg\/","title":{"rendered":"Arroz Tia Neusa 5kg"},"content":{"rendered":"","protected":false},"excerpt":{"rendered":"<p>O arroz Tia Neusa \u00e9 mais do que um ingrediente, \u00e9 uma tradi\u00e7\u00e3o que une gera\u00e7\u00f5es. Com carinho em cada gr\u00e3o, ele transforma nossas refei\u00e7\u00f5es em momentos de afeto e uni\u00e3o que tornam nossa casa mais acolhedora.<\/p>\n<h4 class=\"p1\">Tipo 1<\/h4>\n<h4 class=\"p1\"><strong>Classe <\/strong>Longo Fino<\/h4>\n<h4 class=\"p1\"><strong>Subgrupo <\/strong>Polido<\/h4>\n<h4 class=\"p1\"><strong>Quantidade: 1x <\/strong>5kg<\/h4>","protected":false},"featured_media":2558,"template":"","meta":{"_acf_changed":false,"iawp_total_views":6},"product_brand":[],"product_cat":[49],"product_tag":[],"class_list":{"0":"post-2566","1":"product","2":"type-product","3":"status-publish","4":"has-post-thumbnail","6":"product_cat-lojinha","8":"first","9":"instock","10":"shipping-taxable","11":"purchasable","12":"product-type-simple"},"acf":[],"_links":{"self":[{"href":"https:\/\/raizforteenergia.com.br\/en\/wp-json\/wp\/v2\/product\/2566","targetHints":{"allow":["GET"]}}],"collection":[{"href":"https:\/\/raizforteenergia.com.br\/en\/wp-json\/wp\/v2\/product"}],"about":[{"href":"https:\/\/raizforteenergia.com.br\/en\/wp-json\/wp\/v2\/types\/product"}],"wp:featuredmedia":[{"embeddable":true,"href":"https:\/\/raizforteenergia.com.br\/en\/wp-json\/wp\/v2\/media\/2558"}],"wp:attachment":[{"href":"https:\/\/raizforteenergia.com.br\/en\/wp-json\/wp\/v2\/media?parent=2566"}],"wp:term":[{"taxonomy":"product_brand","embeddable":true,"href":"https:\/\/raizforteenergia.com.br\/en\/wp-json\/wp\/v2\/product_brand?post=2566"},{"taxonomy":"product_cat","embeddable":true,"href":"https:\/\/raizforteenergia.com.br\/en\/wp-json\/wp\/v2\/product_cat?post=2566"},{"taxonomy":"product_tag","embeddable":true,"href":"https:\/\/raizforteenergia.com.br\/en\/wp-json\/wp\/v2\/product_tag?post=2566"}],"curies":[{"name":"wp","href":"https:\/\/api.w.org\/{rel}","templated":true}]}}