{"id":2563,"date":"2026-02-09T20:08:15","date_gmt":"2026-02-09T20:08:15","guid":{"rendered":"https:\/\/raizforteenergia.com.br\/?post_type=product&#038;p=2563"},"modified":"2026-03-24T15:39:17","modified_gmt":"2026-03-24T15:39:17","slug":"acucar-vo-dirce-5kg","status":"publish","type":"product","link":"https:\/\/raizforteenergia.com.br\/en\/product\/acucar-vo-dirce-5kg\/","title":{"rendered":"A\u00e7\u00facar V\u00f3 Dirce 5kg"},"content":{"rendered":"","protected":false},"excerpt":{"rendered":"<p class=\"p1\">O a\u00e7ucar V\u00f3 Dirce chega para ado\u00e7ar a vida da nossa casa no dia a dia. Relembrando sabores da nossa inf\u00e2ncia e criando la\u00e7os com as gera\u00e7\u00f5es futuras nas mais saborosas receitas.<\/p>\n<h4 class=\"p1\"><strong>Classe <\/strong>Cristal Branco<\/h4>\n<h4 class=\"p1\"><strong>Tipo <\/strong>Cristal<\/h4>\n<h4 class=\"p1\"><strong>Quantidade:<\/strong> 1x 5kg<\/h4>","protected":false},"featured_media":2620,"template":"","meta":{"_acf_changed":false,"iawp_total_views":4},"product_brand":[],"product_cat":[49],"product_tag":[],"class_list":{"0":"post-2563","1":"product","2":"type-product","3":"status-publish","4":"has-post-thumbnail","6":"product_cat-lojinha","8":"first","9":"instock","10":"shipping-taxable","11":"purchasable","12":"product-type-simple"},"acf":[],"_links":{"self":[{"href":"https:\/\/raizforteenergia.com.br\/en\/wp-json\/wp\/v2\/product\/2563","targetHints":{"allow":["GET"]}}],"collection":[{"href":"https:\/\/raizforteenergia.com.br\/en\/wp-json\/wp\/v2\/product"}],"about":[{"href":"https:\/\/raizforteenergia.com.br\/en\/wp-json\/wp\/v2\/types\/product"}],"wp:featuredmedia":[{"embeddable":true,"href":"https:\/\/raizforteenergia.com.br\/en\/wp-json\/wp\/v2\/media\/2620"}],"wp:attachment":[{"href":"https:\/\/raizforteenergia.com.br\/en\/wp-json\/wp\/v2\/media?parent=2563"}],"wp:term":[{"taxonomy":"product_brand","embeddable":true,"href":"https:\/\/raizforteenergia.com.br\/en\/wp-json\/wp\/v2\/product_brand?post=2563"},{"taxonomy":"product_cat","embeddable":true,"href":"https:\/\/raizforteenergia.com.br\/en\/wp-json\/wp\/v2\/product_cat?post=2563"},{"taxonomy":"product_tag","embeddable":true,"href":"https:\/\/raizforteenergia.com.br\/en\/wp-json\/wp\/v2\/product_tag?post=2563"}],"curies":[{"name":"wp","href":"https:\/\/api.w.org\/{rel}","templated":true}]}}