{"id":2553,"date":"2026-02-09T19:46:11","date_gmt":"2026-02-09T19:46:11","guid":{"rendered":"https:\/\/raizforteenergia.com.br\/?post_type=product&#038;p=2553"},"modified":"2026-02-09T21:06:54","modified_gmt":"2026-02-09T21:06:54","slug":"trio-cafe-vo-jesuina-500g","status":"publish","type":"product","link":"https:\/\/raizforteenergia.com.br\/en\/product\/trio-cafe-vo-jesuina-500g\/","title":{"rendered":"Trio Caf\u00e9 V\u00f3 Jesu\u00edna 500g"},"content":{"rendered":"","protected":false},"excerpt":{"rendered":"<p class=\"p1\">O caf\u00e9 V\u00f3 Jesu\u00edna \u00e9 a tradi\u00e7\u00e3o de carinho e aconchego. Cada x\u00edcara desperta mem\u00f3rias e fortalece os la\u00e7os de fam\u00edlia, tornando nossos momentos mais especiais e cheios de sabor e amor.<\/p>\n<h4><strong>Tipo <\/strong>100% Ar\u00e1bica<\/h4>\n<h4 class=\"p1\"><strong>Torra <\/strong>Escura<\/h4>\n<h4 class=\"p1\"><strong>Moagem <\/strong>M\u00e9dia<\/h4>\n<h4 class=\"p1\"><strong>Quantidade: <\/strong>3x 500g<\/h4>","protected":false},"featured_media":2554,"template":"","meta":{"_acf_changed":false,"iawp_total_views":1},"product_brand":[],"product_cat":[49],"product_tag":[],"class_list":{"0":"post-2553","1":"product","2":"type-product","3":"status-publish","4":"has-post-thumbnail","6":"product_cat-lojinha","8":"first","9":"instock","10":"shipping-taxable","11":"purchasable","12":"product-type-simple"},"acf":[],"_links":{"self":[{"href":"https:\/\/raizforteenergia.com.br\/en\/wp-json\/wp\/v2\/product\/2553","targetHints":{"allow":["GET"]}}],"collection":[{"href":"https:\/\/raizforteenergia.com.br\/en\/wp-json\/wp\/v2\/product"}],"about":[{"href":"https:\/\/raizforteenergia.com.br\/en\/wp-json\/wp\/v2\/types\/product"}],"wp:featuredmedia":[{"embeddable":true,"href":"https:\/\/raizforteenergia.com.br\/en\/wp-json\/wp\/v2\/media\/2554"}],"wp:attachment":[{"href":"https:\/\/raizforteenergia.com.br\/en\/wp-json\/wp\/v2\/media?parent=2553"}],"wp:term":[{"taxonomy":"product_brand","embeddable":true,"href":"https:\/\/raizforteenergia.com.br\/en\/wp-json\/wp\/v2\/product_brand?post=2553"},{"taxonomy":"product_cat","embeddable":true,"href":"https:\/\/raizforteenergia.com.br\/en\/wp-json\/wp\/v2\/product_cat?post=2553"},{"taxonomy":"product_tag","embeddable":true,"href":"https:\/\/raizforteenergia.com.br\/en\/wp-json\/wp\/v2\/product_tag?post=2553"}],"curies":[{"name":"wp","href":"https:\/\/api.w.org\/{rel}","templated":true}]}}