{"id":2494,"date":"2025-05-13T17:27:41","date_gmt":"2025-05-13T17:27:41","guid":{"rendered":"https:\/\/raizforteenergia.com.br\/?post_type=product&#038;p=2494"},"modified":"2026-03-24T16:44:51","modified_gmt":"2026-03-24T16:44:51","slug":"milho-vo-otaviano","status":"publish","type":"product","link":"https:\/\/raizforteenergia.com.br\/en\/product\/milho-vo-otaviano\/","title":{"rendered":"Milho V\u00f4 Otaviano"},"content":{"rendered":"<p>Em breve lista completa de mercados<\/p>","protected":false},"excerpt":{"rendered":"<p>O milho V\u00f4 Otaviano carrega o carinho da nossa fam\u00edlia para suas sess\u00f5es de cinema, transformando cada pipoca em momentos de alegria e aconchego.<\/p>\n<p>&nbsp;<\/p>\n<h4 class=\"p1\"><strong>Milho<\/strong><\/h4>\n<p class=\"p1\">Premium<\/p>\n<h4 class=\"p1\"><strong>Tipo<\/strong><\/h4>\n<p class=\"p1\">1<\/p>\n<h4 class=\"p1\"><strong>Classe<\/strong><\/h4>\n<p class=\"p1\">Amarela<\/p>\n<h4 class=\"p1\"><strong>Embalagens<\/strong><\/h4>\n<p class=\"p1\">500g<\/p>\n<p class=\"p1\">","protected":false},"featured_media":2626,"template":"","meta":{"_acf_changed":false,"iawp_total_views":7},"product_brand":[],"product_cat":[52],"product_tag":[],"class_list":{"0":"post-2494","1":"product","2":"type-product","3":"status-publish","4":"has-post-thumbnail","6":"product_cat-milho","8":"first","9":"instock","10":"virtual","11":"product-type-simple"},"acf":[],"_links":{"self":[{"href":"https:\/\/raizforteenergia.com.br\/en\/wp-json\/wp\/v2\/product\/2494","targetHints":{"allow":["GET"]}}],"collection":[{"href":"https:\/\/raizforteenergia.com.br\/en\/wp-json\/wp\/v2\/product"}],"about":[{"href":"https:\/\/raizforteenergia.com.br\/en\/wp-json\/wp\/v2\/types\/product"}],"wp:featuredmedia":[{"embeddable":true,"href":"https:\/\/raizforteenergia.com.br\/en\/wp-json\/wp\/v2\/media\/2626"}],"wp:attachment":[{"href":"https:\/\/raizforteenergia.com.br\/en\/wp-json\/wp\/v2\/media?parent=2494"}],"wp:term":[{"taxonomy":"product_brand","embeddable":true,"href":"https:\/\/raizforteenergia.com.br\/en\/wp-json\/wp\/v2\/product_brand?post=2494"},{"taxonomy":"product_cat","embeddable":true,"href":"https:\/\/raizforteenergia.com.br\/en\/wp-json\/wp\/v2\/product_cat?post=2494"},{"taxonomy":"product_tag","embeddable":true,"href":"https:\/\/raizforteenergia.com.br\/en\/wp-json\/wp\/v2\/product_tag?post=2494"}],"curies":[{"name":"wp","href":"https:\/\/api.w.org\/{rel}","templated":true}]}}