{"id":2492,"date":"2025-05-13T16:15:48","date_gmt":"2025-05-13T16:15:48","guid":{"rendered":"https:\/\/raizforteenergia.com.br\/?post_type=product&#038;p=2492"},"modified":"2026-03-24T15:15:31","modified_gmt":"2026-03-24T15:15:31","slug":"feijao-tia-nice","status":"publish","type":"product","link":"https:\/\/raizforteenergia.com.br\/en\/product\/feijao-tia-nice\/","title":{"rendered":"Feij\u00e3o Tia Nice"},"content":{"rendered":"<p>Em breve lista completa de mercados<\/p>","protected":false},"excerpt":{"rendered":"<p>O feij\u00e3o Tia Nice quentinho aquece o cora\u00e7\u00e3o e transforma suas refei\u00e7\u00f5es em momentos de amor e uni\u00e3o, trazendo o carinho da nossa fam\u00edlia para a sua mesa.<\/p>\n<p>&nbsp;<\/p>\n<h4 class=\"p1\"><strong>Feij\u00e3o<\/strong><\/h4>\n<p class=\"p1\">Comum<\/p>\n<h4 class=\"p1\"><strong>Grupo<\/strong><\/h4>\n<p class=\"p1\">1<\/p>\n<h4 class=\"p1\"><strong>Classe<\/strong><\/h4>\n<p class=\"p1\">Cores Tipo 1<\/p>\n<h4 class=\"p1\"><strong>Embalagens<\/strong><\/h4>\n<p class=\"p1\">1kg e 5kg<\/p>\n<p class=\"p1\">","protected":false},"featured_media":2616,"template":"","meta":{"_acf_changed":false,"iawp_total_views":23},"product_brand":[],"product_cat":[51],"product_tag":[],"class_list":{"0":"post-2492","1":"product","2":"type-product","3":"status-publish","4":"has-post-thumbnail","6":"product_cat-feijao","8":"first","9":"instock","10":"virtual","11":"product-type-simple"},"acf":[],"_links":{"self":[{"href":"https:\/\/raizforteenergia.com.br\/en\/wp-json\/wp\/v2\/product\/2492","targetHints":{"allow":["GET"]}}],"collection":[{"href":"https:\/\/raizforteenergia.com.br\/en\/wp-json\/wp\/v2\/product"}],"about":[{"href":"https:\/\/raizforteenergia.com.br\/en\/wp-json\/wp\/v2\/types\/product"}],"wp:featuredmedia":[{"embeddable":true,"href":"https:\/\/raizforteenergia.com.br\/en\/wp-json\/wp\/v2\/media\/2616"}],"wp:attachment":[{"href":"https:\/\/raizforteenergia.com.br\/en\/wp-json\/wp\/v2\/media?parent=2492"}],"wp:term":[{"taxonomy":"product_brand","embeddable":true,"href":"https:\/\/raizforteenergia.com.br\/en\/wp-json\/wp\/v2\/product_brand?post=2492"},{"taxonomy":"product_cat","embeddable":true,"href":"https:\/\/raizforteenergia.com.br\/en\/wp-json\/wp\/v2\/product_cat?post=2492"},{"taxonomy":"product_tag","embeddable":true,"href":"https:\/\/raizforteenergia.com.br\/en\/wp-json\/wp\/v2\/product_tag?post=2492"}],"curies":[{"name":"wp","href":"https:\/\/api.w.org\/{rel}","templated":true}]}}