{"id":2426,"date":"2025-05-08T18:15:46","date_gmt":"2025-05-08T18:15:46","guid":{"rendered":"https:\/\/raizforteenergia.com.br\/?post_type=product&#038;p=2426"},"modified":"2026-02-09T19:39:38","modified_gmt":"2026-02-09T19:39:38","slug":"como-acucar-cafe","status":"publish","type":"product","link":"https:\/\/raizforteenergia.com.br\/en\/product\/como-acucar-cafe\/","title":{"rendered":"Combo A\u00e7\u00facar V\u00f3 Dirce 2kg + Caf\u00e9 V\u00f3 Jesu\u00edna 500g"},"content":{"rendered":"","protected":false},"excerpt":{"rendered":"<p class=\"p1\">1 A\u00e7\u00facar V\u00f3 Dirce 2kg +1 Caf\u00e9 V\u00f3 Jesu\u00edna 500g<\/p>","protected":false},"featured_media":2550,"template":"","meta":{"_acf_changed":false,"iawp_total_views":2},"product_brand":[],"product_cat":[49],"product_tag":[],"class_list":{"0":"post-2426","1":"product","2":"type-product","3":"status-publish","4":"has-post-thumbnail","6":"product_cat-lojinha","8":"first","9":"instock","10":"shipping-taxable","11":"purchasable","12":"product-type-simple"},"acf":[],"_links":{"self":[{"href":"https:\/\/raizforteenergia.com.br\/en\/wp-json\/wp\/v2\/product\/2426","targetHints":{"allow":["GET"]}}],"collection":[{"href":"https:\/\/raizforteenergia.com.br\/en\/wp-json\/wp\/v2\/product"}],"about":[{"href":"https:\/\/raizforteenergia.com.br\/en\/wp-json\/wp\/v2\/types\/product"}],"wp:featuredmedia":[{"embeddable":true,"href":"https:\/\/raizforteenergia.com.br\/en\/wp-json\/wp\/v2\/media\/2550"}],"wp:attachment":[{"href":"https:\/\/raizforteenergia.com.br\/en\/wp-json\/wp\/v2\/media?parent=2426"}],"wp:term":[{"taxonomy":"product_brand","embeddable":true,"href":"https:\/\/raizforteenergia.com.br\/en\/wp-json\/wp\/v2\/product_brand?post=2426"},{"taxonomy":"product_cat","embeddable":true,"href":"https:\/\/raizforteenergia.com.br\/en\/wp-json\/wp\/v2\/product_cat?post=2426"},{"taxonomy":"product_tag","embeddable":true,"href":"https:\/\/raizforteenergia.com.br\/en\/wp-json\/wp\/v2\/product_tag?post=2426"}],"curies":[{"name":"wp","href":"https:\/\/api.w.org\/{rel}","templated":true}]}}