{"id":2369,"date":"2025-04-30T15:37:40","date_gmt":"2025-04-30T15:37:40","guid":{"rendered":"https:\/\/raizforteenergia.com.br\/?post_type=product&#038;p=2369"},"modified":"2026-03-24T15:24:07","modified_gmt":"2026-03-24T15:24:07","slug":"cafe-vo-jesuina","status":"publish","type":"product","link":"https:\/\/raizforteenergia.com.br\/en\/product\/cafe-vo-jesuina\/","title":{"rendered":"Caf\u00e9 V\u00f3 Jesu\u00edna"},"content":{"rendered":"<p>Em breve lista completa de mercados<\/p>","protected":false},"excerpt":{"rendered":"<p class=\"p1\">O caf\u00e9 V\u00f3 Jesu\u00edna \u00e9 a tradi\u00e7\u00e3o de carinho e aconchego. Cada x\u00edcara desperta mem\u00f3rias e fortalece os la\u00e7os de fam\u00edlia, tornando nossos momentos mais especiais e cheios de sabor e amor.<\/p>\n<h4><strong>Tipo <\/strong>100% Ar\u00e1bica<\/h4>\n<h4 class=\"p1\"><strong>Torra <\/strong>Escura<\/h4>\n<h4 class=\"p1\"><strong>Moagem <\/strong>M\u00e9dia<\/h4>\n<h4 class=\"p1\"><strong>Embalagens: <\/strong>500g<\/h4>","protected":false},"featured_media":2618,"template":"","meta":{"_acf_changed":false,"iawp_total_views":45},"product_brand":[],"product_cat":[48],"product_tag":[],"class_list":{"0":"post-2369","1":"product","2":"type-product","3":"status-publish","4":"has-post-thumbnail","6":"product_cat-cafe","8":"first","9":"instock","10":"shipping-taxable","11":"product-type-simple"},"acf":[],"_links":{"self":[{"href":"https:\/\/raizforteenergia.com.br\/en\/wp-json\/wp\/v2\/product\/2369","targetHints":{"allow":["GET"]}}],"collection":[{"href":"https:\/\/raizforteenergia.com.br\/en\/wp-json\/wp\/v2\/product"}],"about":[{"href":"https:\/\/raizforteenergia.com.br\/en\/wp-json\/wp\/v2\/types\/product"}],"wp:featuredmedia":[{"embeddable":true,"href":"https:\/\/raizforteenergia.com.br\/en\/wp-json\/wp\/v2\/media\/2618"}],"wp:attachment":[{"href":"https:\/\/raizforteenergia.com.br\/en\/wp-json\/wp\/v2\/media?parent=2369"}],"wp:term":[{"taxonomy":"product_brand","embeddable":true,"href":"https:\/\/raizforteenergia.com.br\/en\/wp-json\/wp\/v2\/product_brand?post=2369"},{"taxonomy":"product_cat","embeddable":true,"href":"https:\/\/raizforteenergia.com.br\/en\/wp-json\/wp\/v2\/product_cat?post=2369"},{"taxonomy":"product_tag","embeddable":true,"href":"https:\/\/raizforteenergia.com.br\/en\/wp-json\/wp\/v2\/product_tag?post=2369"}],"curies":[{"name":"wp","href":"https:\/\/api.w.org\/{rel}","templated":true}]}}