{"id":2368,"date":"2025-04-30T15:36:51","date_gmt":"2025-04-30T15:36:51","guid":{"rendered":"https:\/\/raizforteenergia.com.br\/?post_type=product&#038;p=2368"},"modified":"2026-02-09T21:10:56","modified_gmt":"2026-02-09T21:10:56","slug":"arroz-tia-neusa","status":"publish","type":"product","link":"https:\/\/raizforteenergia.com.br\/en\/product\/arroz-tia-neusa\/","title":{"rendered":"Arroz Tia Neusa"},"content":{"rendered":"<p>Em breve lista completa de mercados<\/p>","protected":false},"excerpt":{"rendered":"<p>O arroz Tia Neusa \u00e9 mais do que um ingrediente, \u00e9 uma tradi\u00e7\u00e3o que une gera\u00e7\u00f5es. Com carinho em cada gr\u00e3o, ele transforma nossas refei\u00e7\u00f5es em momentos de afeto e uni\u00e3o que tornam nossa casa mais acolhedora.<\/p>\n<h4 class=\"p1\">Tipo 1<\/h4>\n<h4 class=\"p1\"><strong>Classe <\/strong>Longo Fino<\/h4>\n<h4 class=\"p1\"><strong>Subgrupo <\/strong>Polido<\/h4>\n<h4 class=\"p1\"><strong>Embalagens: <\/strong>5kg<\/h4>","protected":false},"featured_media":2320,"template":"","meta":{"_acf_changed":false,"iawp_total_views":34},"product_brand":[],"product_cat":[47],"product_tag":[],"class_list":{"0":"post-2368","1":"product","2":"type-product","3":"status-publish","4":"has-post-thumbnail","6":"product_cat-arroz","8":"first","9":"instock","10":"shipping-taxable","11":"product-type-simple"},"acf":[],"_links":{"self":[{"href":"https:\/\/raizforteenergia.com.br\/en\/wp-json\/wp\/v2\/product\/2368","targetHints":{"allow":["GET"]}}],"collection":[{"href":"https:\/\/raizforteenergia.com.br\/en\/wp-json\/wp\/v2\/product"}],"about":[{"href":"https:\/\/raizforteenergia.com.br\/en\/wp-json\/wp\/v2\/types\/product"}],"wp:featuredmedia":[{"embeddable":true,"href":"https:\/\/raizforteenergia.com.br\/en\/wp-json\/wp\/v2\/media\/2320"}],"wp:attachment":[{"href":"https:\/\/raizforteenergia.com.br\/en\/wp-json\/wp\/v2\/media?parent=2368"}],"wp:term":[{"taxonomy":"product_brand","embeddable":true,"href":"https:\/\/raizforteenergia.com.br\/en\/wp-json\/wp\/v2\/product_brand?post=2368"},{"taxonomy":"product_cat","embeddable":true,"href":"https:\/\/raizforteenergia.com.br\/en\/wp-json\/wp\/v2\/product_cat?post=2368"},{"taxonomy":"product_tag","embeddable":true,"href":"https:\/\/raizforteenergia.com.br\/en\/wp-json\/wp\/v2\/product_tag?post=2368"}],"curies":[{"name":"wp","href":"https:\/\/api.w.org\/{rel}","templated":true}]}}