{"id":2367,"date":"2025-04-30T15:35:57","date_gmt":"2025-04-30T15:35:57","guid":{"rendered":"https:\/\/raizforteenergia.com.br\/?post_type=product&#038;p=2367"},"modified":"2026-03-24T15:36:16","modified_gmt":"2026-03-24T15:36:16","slug":"acucar-vo-dirce","status":"publish","type":"product","link":"https:\/\/raizforteenergia.com.br\/en\/product\/acucar-vo-dirce\/","title":{"rendered":"A\u00e7\u00facar V\u00f3 Dirce"},"content":{"rendered":"<p>Em breve lista completa de mercados<\/p>","protected":false},"excerpt":{"rendered":"<p class=\"p1\">O a\u00e7ucar V\u00f3 Dirce chega para ado\u00e7ar a vida da nossa casa no dia a dia. Relembrando sabores da nossa inf\u00e2ncia e criando la\u00e7os com as gera\u00e7\u00f5es futuras nas mais saborosas receitas.<\/p>\n<h4 class=\"p1\"><strong>Classe <\/strong>Cristal Branco<\/h4>\n<h4 class=\"p1\"><strong>Tipo <\/strong>Cristal<\/h4>\n<h4 class=\"p1\"><strong>Embalagens: <\/strong>1kg, 2kg e 5kg<\/h4>","protected":false},"featured_media":2619,"template":"","meta":{"_acf_changed":false,"iawp_total_views":88},"product_brand":[],"product_cat":[33],"product_tag":[],"class_list":{"0":"post-2367","1":"product","2":"type-product","3":"status-publish","4":"has-post-thumbnail","6":"product_cat-acucar","8":"first","9":"instock","10":"virtual","11":"product-type-simple"},"acf":[],"_links":{"self":[{"href":"https:\/\/raizforteenergia.com.br\/en\/wp-json\/wp\/v2\/product\/2367","targetHints":{"allow":["GET"]}}],"collection":[{"href":"https:\/\/raizforteenergia.com.br\/en\/wp-json\/wp\/v2\/product"}],"about":[{"href":"https:\/\/raizforteenergia.com.br\/en\/wp-json\/wp\/v2\/types\/product"}],"wp:featuredmedia":[{"embeddable":true,"href":"https:\/\/raizforteenergia.com.br\/en\/wp-json\/wp\/v2\/media\/2619"}],"wp:attachment":[{"href":"https:\/\/raizforteenergia.com.br\/en\/wp-json\/wp\/v2\/media?parent=2367"}],"wp:term":[{"taxonomy":"product_brand","embeddable":true,"href":"https:\/\/raizforteenergia.com.br\/en\/wp-json\/wp\/v2\/product_brand?post=2367"},{"taxonomy":"product_cat","embeddable":true,"href":"https:\/\/raizforteenergia.com.br\/en\/wp-json\/wp\/v2\/product_cat?post=2367"},{"taxonomy":"product_tag","embeddable":true,"href":"https:\/\/raizforteenergia.com.br\/en\/wp-json\/wp\/v2\/product_tag?post=2367"}],"curies":[{"name":"wp","href":"https:\/\/api.w.org\/{rel}","templated":true}]}}